{"id":3,"date":"2023-02-06T02:47:30","date_gmt":"2023-02-06T02:47:30","guid":{"rendered":"https:\/\/amc-vacuum.com\/?page_id=3"},"modified":"2023-09-16T14:52:58","modified_gmt":"2023-09-16T12:52:58","slug":"privacy-policy","status":"publish","type":"page","link":"https:\/\/amc-vacuum.com\/en\/privacy-policy\/","title":{"rendered":"Privacy Policy"},"content":{"rendered":"\t\t<div data-elementor-type=\"wp-page\" data-elementor-id=\"3\" class=\"elementor elementor-3\">\n\t\t\t\t\t\t\t\t\t<section class=\"elementor-section elementor-top-section elementor-element elementor-element-67754772 elementor-section-boxed elementor-section-height-default elementor-section-height-default rt-parallax-bg-no\" data-id=\"67754772\" data-element_type=\"section\">\n\t\t\t\t\t\t<div class=\"elementor-container elementor-column-gap-default\">\n\t\t\t\t\t<div class=\"elementor-column elementor-col-100 elementor-top-column elementor-element elementor-element-3fe77ed9\" data-id=\"3fe77ed9\" data-element_type=\"column\">\n\t\t\t<div class=\"elementor-widget-wrap elementor-element-populated\">\n\t\t\t\t\t\t\t\t<div class=\"elementor-element elementor-element-fb61f6f elementor-widget elementor-widget-text-editor\" data-id=\"fb61f6f\" data-element_type=\"widget\" data-widget_type=\"text-editor.default\">\n\t\t\t\t<div class=\"elementor-widget-container\">\n\t\t\t\t\t\t\t<p lang=\"zxx\">Ultimo aggiornamento: 05\/09\/2023<\/p><p lang=\"zxx\">Titolare del trattamento dei dati: A.M.C. Vacuum Solutions | P.IVA: 01901760031 &#8211; Via Carducci 16, 28060 San Pietro Mosezzo (NO) <br \/>Tel: +390321540021 &#8211; Email: info@amc-vacuum.com<\/p>\t\t\t\t\t\t<\/div>\n\t\t\t\t<\/div>\n\t\t\t\t<div class=\"elementor-element elementor-element-9dd2c49 elementor-widget elementor-widget-html\" data-id=\"9dd2c49\" data-element_type=\"widget\" data-widget_type=\"html.default\">\n\t\t\t\t<div class=\"elementor-widget-container\">\n\t\t\t<!-- wp:heading -->\r\n<h3 class=\"western\" lang=\"zxx\"><strong><b>INFORMATIVA PRIVACY<\/b><\/strong><\/h3>\r\n<p lang=\"zxx\">In ottemperanza degli obblighi derivanti dalla normativa nazionale (D. Lgs 30 giugno 2003 n. 196, Codice in materia di protezione dei dati personali) e comunitaria, (Regolamento europeo per la protezione dei dati personali n. 679\/2016, GDPR) e successive modifiche, il presente sito rispetta e tutela la riservatezza dei visitatori e degli utenti, ponendo in essere ogni sforzo possibile e proporzionato per non ledere i diritti degli utenti.<\/p>\r\n<p lang=\"zxx\">La presente privacy policy si applica esclusivamente alle attivit\u00e0 online del presente sito ed \u00e8 valida per i visitatori\/utenti del sito. Non si applica alle informazioni raccolte tramite canali diversi dal presente sito web. Lo scopo dell\u2019informativa privacy \u00e8 di fornire la massima trasparenza relativamente alle informazioni che il sito raccoglie e come le usa.<\/p>\r\n<h4 class=\"western\" lang=\"zxx\"><strong><b>Base giuridica del trattamento<\/b><\/strong><\/h4>\r\n<p lang=\"zxx\">Il presente sito tratta i dati in base al consenso. Con l\u2019uso o la consultazione del presente sito i visitatori e gli utenti approvano esplicitamente la presente informativa privacy e acconsentono al trattamento dei loro dati personali in relazione alle modalit\u00e0 e alle finalit\u00e0 di seguito descritte, compreso l\u2019eventuale diffusione a terzi se necessaria per l\u2019erogazione di un servizio.<\/p>\r\n<p lang=\"zxx\">Il conferimento dei dati e quindi il Consenso alla raccolta e al trattamento dei dati \u00e8 facoltativo, l\u2019Utente pu\u00f2 negare il consenso, e pu\u00f2 revocare in qualsiasi momento un consenso gi\u00e0 fornito (tramite richiesta attraverso i contatti presenti su questo sito). Tuttavia negare il consenso pu\u00f2 comportare l\u2019impossibilit\u00e0 di erogare alcuni servizi e l\u2019esperienza di navigazione nel sito potrebbe essere compromessa.<\/p>\r\n<p lang=\"zxx\">Il Titolare del Trattamento si riserva il diritto di apportare modifiche alla presente privacy policy in qualunque momento dandone pubblicit\u00e0 agli Utenti su questa pagina. Si prega dunque di consultare spesso questa pagina, prendendo come riferimento la data di ultima modifica indicata. Nel caso di mancata accettazione delle modifiche apportate alla presente privacy policy, l\u2019Utente \u00e8 tenuto a cessare l\u2019utilizzo di questa Applicazione e pu\u00f2 richiedere al Titolare del Trattamento di rimuovere i propri Dati Personali.<\/p>\r\n<h4 class=\"western\" lang=\"zxx\"><strong><span lang=\"zxx\">Tipologie di Dati raccolti<\/span><\/strong><\/h4>\r\n<p lang=\"zxx\">Fra i Dati Personali raccolti da questa Applicazione, in modo autonomo o tramite terze parti, ci sono: Nome, Email, Cognome, Professione, Stato, Provincia, Citt\u00e0, Indirizzo e CAP.<\/p>\r\n<p lang=\"zxx\">Altri Dati Personali raccolti potrebbero essere indicati in altre sezioni di questa privacy policy o mediante testi informativi visualizzati contestualmente alla raccolta dei Dati stessi. I Dati Personali possono essere inseriti volontariamente dall\u2019Utente, oppure raccolti in modo automatico durante l\u2019uso di questa Applicazione. L\u2019eventuale utilizzo di Cookie \u2013 o di altri strumenti di tracciamento \u2013 da parte di questa Applicazione o dei titolari dei servizi terzi utilizzati da questa Applicazione, ove non diversamente precisato, ha la finalit\u00e0 di identificare l\u2019Utente e registrare le relative preferenze per finalit\u00e0 strettamente legate all\u2019erogazione del servizio richiesto dall\u2019Utente. Il mancato conferimento da parte dell\u2019Utente di alcuni Dati Personali potrebbe impedire a questa Applicazione di erogare i propri servizi.<\/p>\r\n<p lang=\"zxx\">L\u2019Utente si assume la responsabilit\u00e0 dei Dati Personali di terzi pubblicati o condivisi mediante questa Applicazione e garantisce di avere il diritto di comunicarli o diffonderli, liberando il Titolare da qualsiasi responsabilit\u00e0 verso terzi.<\/p>\r\n<h4 class=\"western\" lang=\"zxx\"><strong><span lang=\"zxx\">Modalit\u00e0 e luogo del trattamento dei Dati raccolti<\/span><\/strong><\/h4>\r\n<h4 class=\"western\" lang=\"zxx\"><strong><span lang=\"zxx\">Modalit\u00e0 di trattamento<\/span><\/strong><\/h4>\r\n<p lang=\"zxx\">Il Titolare tratta i Dati Personali degli Utenti adottando le opportune misure di sicurezza volte ad impedire l\u2019accesso, la divulgazione, la modifica o la distruzione non autorizzate dei Dati Personali. Il trattamento viene effettuato mediante strumenti informatici e\/o telematici, con modalit\u00e0 organizzative e con logiche strettamente correlate alle finalit\u00e0 indicate. Oltre al Titolare, in alcuni casi, potrebbero avere accesso ai Dati categorie di incaricati coinvolti nell\u2019organizzazione del sito (personale amministrativo, commerciale, marketing, legali, amministratori di sistema) ovvero soggetti esterni (come fornitori di servizi tecnici terzi, corrieri postali, hosting provider, societ\u00e0 informatiche, agenzie di comunicazione) nominati anche, se necessario, Responsabili del Trattamento da parte del Titolare. L\u2019elenco aggiornato dei Responsabili potr\u00e0 sempre essere richiesto al Titolare del Trattamento.<\/p>\r\n<h4 class=\"western\" lang=\"zxx\"><strong><span lang=\"zxx\">Luogo del trattamento<\/span><\/strong><\/h4>\r\n<p lang=\"zxx\">I Dati sono trattati presso le sedi operative del Titolare ed in ogni altro luogo in cui le parti coinvolte nel trattamento siano localizzate. Per ulteriori informazioni, contatta il Titolare.<\/p>\r\n<h4 class=\"western\" lang=\"zxx\"><strong><span lang=\"zxx\">Tempi di trattameto<\/span><\/strong><\/h4>\r\n<p lang=\"zxx\">I Dati sono trattati per il tempo necessario allo svolgimento del servizio richiesto dall\u2019Utente, o richiesto dalle finalit\u00e0 descritte in questo documento, e l\u2019Utente pu\u00f2 sempre chiedere l\u2019interruzione del Trattamento o la cancellazione dei Dati.<\/p>\r\n<h4 class=\"western\" lang=\"zxx\"><strong><span lang=\"zxx\">Finalit\u00e0 del Trattamento<\/span><\/strong><\/h4>\r\n<p lang=\"zxx\">I Dati dell\u2019Utente sono raccolti per consentire al Titolare di fornire i propri servizi, cos\u00ec come per le seguenti finalit\u00e0: Commento dei contenuti, Contattare l\u2019Utente e Registrazione ed autenticazione.<\/p>\r\n<p lang=\"zxx\">Le tipologie di Dati Personali utilizzati per ciascuna finalit\u00e0 sono indicati nelle sezioni specifiche di questo documento.<\/p>\r\n<p lang=\"zxx\">Dettagli sul trattamento dei Dati Personali<\/p>\r\n<h4 class=\"western\" lang=\"zxx\"><strong><span lang=\"zxx\">Elenco dei dati raccolti su questa applicazione<\/span><\/strong><\/h4>\r\n<p lang=\"zxx\"><b>Contattare l\u2019utente (Mailing List o Newsletter)<\/b><\/p>\r\n<p lang=\"zxx\">Con la registrazione alla mailing list o alla newsletter, l\u2019indirizzo email dell\u2019Utente viene automaticamente inserito in una lista di contatti a cui potranno essere trasmessi messaggi email contenenti informazioni, anche di natura commerciale e promozionale, relative a questa Applicazione. L\u2019indirizzo email dell\u2019Utente potrebbe anche essere aggiunto a questa lista come risultato della registrazione a questa Applicazione o dopo aver effettuato un acquisto.<\/p>\r\n<p lang=\"zxx\">Dati personali raccolti: Email, Nome, Cognome<\/p>\r\n<p lang=\"zxx\"><b>Modulo di contatto<\/b><\/p>\r\n<p lang=\"zxx\">L\u2019Utente, compilando con i propri Dati il modulo di contatto, acconsente al loro utilizzo per rispondere alle richieste di informazioni, di preventivo, o di qualunque altra natura indicata dall\u2019intestazione del modulo.<\/p>\r\n<p lang=\"zxx\">Dati personali raccolti: Citt\u00e0, Cognome, Email, Nome, Professione, Provincia e Stato.<\/p>\r\n<p lang=\"zxx\"><strong><span lang=\"zxx\"><b>Log di sistema<\/b><\/span><\/strong><\/p>\r\n<p lang=\"zxx\">A fini di sicurezza (filtri antispam, firewall, rilevazione virus), i dati registrati automaticamente possono eventualmente comprendere anche dati personali come l\u2019indirizzo Ip, che potrebbe essere utilizzato, conformemente alle leggi vigenti in materia, al fine di bloccare tentativi di danneggiamento al sito medesimo o di recare danno ad altri utenti, o comunque attivit\u00e0 dannose o costituenti reato. Tali dati non sono mai utilizzati per l\u2019identificazione o la profilazione dell\u2019utente, ma solo a fini di tutela del sito e dei suoi utenti.<\/p>\r\n<p lang=\"zxx\">Dati raccolti: indirizzo internet protocol (IP), tipo di browser e parametri del dispositivo usato per connettersi al sito, nome dell\u2019internet service provider (ISP), data e orario di visita, pagina web di provenienza del visitatore (referral) e di uscita, eventualmente il numero di click.<\/p>\t\t<\/div>\n\t\t\t\t<\/div>\n\t\t\t\t\t<\/div>\n\t\t<\/div>\n\t\t\t\t\t\t\t<\/div>\n\t\t<\/section>\n\t\t\t\t\t\t\t<\/div>\n\t\t","protected":false},"excerpt":{"rendered":"<p>Ultimo aggiornamento: 05\/09\/2023 Titolare del trattamento dei dati: A.M.C. Vacuum Solutions | P.IVA: 01901760031 &#8211; Via Carducci 16, 28060 San Pietro Mosezzo (NO) Tel: +390321540021 &#8211; Email: info@amc-vacuum.com INFORMATIVA PRIVACY In ottemperanza degli obblighi derivanti dalla normativa nazionale (D. Lgs 30 giugno 2003 n. 196, Codice in materia di protezione dei dati personali) e comunitaria, [&hellip;]<\/p>\n","protected":false},"author":1,"featured_media":4601,"parent":0,"menu_order":0,"comment_status":"closed","ping_status":"closed","template":"elementor_header_footer","meta":{"footnotes":""},"class_list":["post-3","page","type-page","status-publish","has-post-thumbnail","hentry"],"yoast_head":"<!-- This site is optimized with the Yoast SEO plugin v27.0 - https:\/\/yoast.com\/product\/yoast-seo-wordpress\/ -->\n<title>Privacy Policy - A.M.C. Vacuum Solutions<\/title>\n<meta name=\"robots\" content=\"noindex, follow\" \/>\n<meta property=\"og:locale\" content=\"en_US\" \/>\n<meta property=\"og:type\" content=\"article\" \/>\n<meta property=\"og:title\" content=\"Privacy Policy - A.M.C. Vacuum Solutions\" \/>\n<meta property=\"og:description\" content=\"Ultimo aggiornamento: 05\/09\/2023 Titolare del trattamento dei dati: A.M.C. Vacuum Solutions | P.IVA: 01901760031 &#8211; Via Carducci 16, 28060 San Pietro Mosezzo (NO) Tel: +390321540021 &#8211; Email: info@amc-vacuum.com INFORMATIVA PRIVACY In ottemperanza degli obblighi derivanti dalla normativa nazionale (D. Lgs 30 giugno 2003 n. 196, Codice in materia di protezione dei dati personali) e comunitaria, [&hellip;]\" \/>\n<meta property=\"og:url\" content=\"https:\/\/amc-vacuum.com\/en\/privacy-policy\/\" \/>\n<meta property=\"og:site_name\" content=\"A.M.C. Vacuum Solutions\" \/>\n<meta property=\"article:modified_time\" content=\"2023-09-16T12:52:58+00:00\" \/>\n<meta property=\"og:image\" content=\"https:\/\/amc-vacuum.com\/wp-content\/uploads\/2023\/09\/amc-vacuum-solutions-novara-banner-contatti.jpg\" \/>\n\t<meta property=\"og:image:width\" content=\"1920\" \/>\n\t<meta property=\"og:image:height\" content=\"1280\" \/>\n\t<meta property=\"og:image:type\" content=\"image\/jpeg\" \/>\n<meta name=\"twitter:card\" content=\"summary_large_image\" \/>\n<meta name=\"twitter:label1\" content=\"Est. reading time\" \/>\n\t<meta name=\"twitter:data1\" content=\"6 minutes\" \/>\n<script type=\"application\/ld+json\" class=\"yoast-schema-graph\">{\"@context\":\"https:\/\/schema.org\",\"@graph\":[{\"@type\":\"WebPage\",\"@id\":\"https:\/\/amc-vacuum.com\/en\/privacy-policy\/\",\"url\":\"https:\/\/amc-vacuum.com\/en\/privacy-policy\/\",\"name\":\"Privacy Policy - A.M.C. Vacuum Solutions\",\"isPartOf\":{\"@id\":\"https:\/\/amc-vacuum.com\/en\/#website\"},\"primaryImageOfPage\":{\"@id\":\"https:\/\/amc-vacuum.com\/en\/privacy-policy\/#primaryimage\"},\"image\":{\"@id\":\"https:\/\/amc-vacuum.com\/en\/privacy-policy\/#primaryimage\"},\"thumbnailUrl\":\"https:\/\/amc-vacuum.com\/wp-content\/uploads\/2023\/09\/amc-vacuum-solutions-novara-banner-contatti.jpg\",\"datePublished\":\"2023-02-06T02:47:30+00:00\",\"dateModified\":\"2023-09-16T12:52:58+00:00\",\"breadcrumb\":{\"@id\":\"https:\/\/amc-vacuum.com\/en\/privacy-policy\/#breadcrumb\"},\"inLanguage\":\"en-US\",\"potentialAction\":[{\"@type\":\"ReadAction\",\"target\":[\"https:\/\/amc-vacuum.com\/en\/privacy-policy\/\"]}]},{\"@type\":\"ImageObject\",\"inLanguage\":\"en-US\",\"@id\":\"https:\/\/amc-vacuum.com\/en\/privacy-policy\/#primaryimage\",\"url\":\"https:\/\/amc-vacuum.com\/wp-content\/uploads\/2023\/09\/amc-vacuum-solutions-novara-banner-contatti.jpg\",\"contentUrl\":\"https:\/\/amc-vacuum.com\/wp-content\/uploads\/2023\/09\/amc-vacuum-solutions-novara-banner-contatti.jpg\",\"width\":1920,\"height\":1280},{\"@type\":\"BreadcrumbList\",\"@id\":\"https:\/\/amc-vacuum.com\/en\/privacy-policy\/#breadcrumb\",\"itemListElement\":[{\"@type\":\"ListItem\",\"position\":1,\"name\":\"Home\",\"item\":\"https:\/\/amc-vacuum.com\/en\/\"},{\"@type\":\"ListItem\",\"position\":2,\"name\":\"Privacy Policy\"}]},{\"@type\":\"WebSite\",\"@id\":\"https:\/\/amc-vacuum.com\/en\/#website\",\"url\":\"https:\/\/amc-vacuum.com\/en\/\",\"name\":\"A.M.C. Vacuum Solutions\",\"description\":\"Sistemi per alto vuoto per applicazioni industriali a Novara\",\"potentialAction\":[{\"@type\":\"SearchAction\",\"target\":{\"@type\":\"EntryPoint\",\"urlTemplate\":\"https:\/\/amc-vacuum.com\/en\/?s={search_term_string}\"},\"query-input\":{\"@type\":\"PropertyValueSpecification\",\"valueRequired\":true,\"valueName\":\"search_term_string\"}}],\"inLanguage\":\"en-US\"}]}<\/script>\n<!-- \/ Yoast SEO plugin. -->","yoast_head_json":{"title":"Privacy Policy - A.M.C. Vacuum Solutions","robots":{"index":"noindex","follow":"follow"},"og_locale":"en_US","og_type":"article","og_title":"Privacy Policy - A.M.C. Vacuum Solutions","og_description":"Ultimo aggiornamento: 05\/09\/2023 Titolare del trattamento dei dati: A.M.C. Vacuum Solutions | P.IVA: 01901760031 &#8211; Via Carducci 16, 28060 San Pietro Mosezzo (NO) Tel: +390321540021 &#8211; Email: info@amc-vacuum.com INFORMATIVA PRIVACY In ottemperanza degli obblighi derivanti dalla normativa nazionale (D. Lgs 30 giugno 2003 n. 196, Codice in materia di protezione dei dati personali) e comunitaria, [&hellip;]","og_url":"https:\/\/amc-vacuum.com\/en\/privacy-policy\/","og_site_name":"A.M.C. Vacuum Solutions","article_modified_time":"2023-09-16T12:52:58+00:00","og_image":[{"width":1920,"height":1280,"url":"https:\/\/amc-vacuum.com\/wp-content\/uploads\/2023\/09\/amc-vacuum-solutions-novara-banner-contatti.jpg","type":"image\/jpeg"}],"twitter_card":"summary_large_image","twitter_misc":{"Est. reading time":"6 minutes"},"schema":{"@context":"https:\/\/schema.org","@graph":[{"@type":"WebPage","@id":"https:\/\/amc-vacuum.com\/en\/privacy-policy\/","url":"https:\/\/amc-vacuum.com\/en\/privacy-policy\/","name":"Privacy Policy - A.M.C. Vacuum Solutions","isPartOf":{"@id":"https:\/\/amc-vacuum.com\/en\/#website"},"primaryImageOfPage":{"@id":"https:\/\/amc-vacuum.com\/en\/privacy-policy\/#primaryimage"},"image":{"@id":"https:\/\/amc-vacuum.com\/en\/privacy-policy\/#primaryimage"},"thumbnailUrl":"https:\/\/amc-vacuum.com\/wp-content\/uploads\/2023\/09\/amc-vacuum-solutions-novara-banner-contatti.jpg","datePublished":"2023-02-06T02:47:30+00:00","dateModified":"2023-09-16T12:52:58+00:00","breadcrumb":{"@id":"https:\/\/amc-vacuum.com\/en\/privacy-policy\/#breadcrumb"},"inLanguage":"en-US","potentialAction":[{"@type":"ReadAction","target":["https:\/\/amc-vacuum.com\/en\/privacy-policy\/"]}]},{"@type":"ImageObject","inLanguage":"en-US","@id":"https:\/\/amc-vacuum.com\/en\/privacy-policy\/#primaryimage","url":"https:\/\/amc-vacuum.com\/wp-content\/uploads\/2023\/09\/amc-vacuum-solutions-novara-banner-contatti.jpg","contentUrl":"https:\/\/amc-vacuum.com\/wp-content\/uploads\/2023\/09\/amc-vacuum-solutions-novara-banner-contatti.jpg","width":1920,"height":1280},{"@type":"BreadcrumbList","@id":"https:\/\/amc-vacuum.com\/en\/privacy-policy\/#breadcrumb","itemListElement":[{"@type":"ListItem","position":1,"name":"Home","item":"https:\/\/amc-vacuum.com\/en\/"},{"@type":"ListItem","position":2,"name":"Privacy Policy"}]},{"@type":"WebSite","@id":"https:\/\/amc-vacuum.com\/en\/#website","url":"https:\/\/amc-vacuum.com\/en\/","name":"A.M.C. Vacuum Solutions","description":"Sistemi per alto vuoto per applicazioni industriali a Novara","potentialAction":[{"@type":"SearchAction","target":{"@type":"EntryPoint","urlTemplate":"https:\/\/amc-vacuum.com\/en\/?s={search_term_string}"},"query-input":{"@type":"PropertyValueSpecification","valueRequired":true,"valueName":"search_term_string"}}],"inLanguage":"en-US"}]}},"_links":{"self":[{"href":"https:\/\/amc-vacuum.com\/en\/wp-json\/wp\/v2\/pages\/3","targetHints":{"allow":["GET"]}}],"collection":[{"href":"https:\/\/amc-vacuum.com\/en\/wp-json\/wp\/v2\/pages"}],"about":[{"href":"https:\/\/amc-vacuum.com\/en\/wp-json\/wp\/v2\/types\/page"}],"author":[{"embeddable":true,"href":"https:\/\/amc-vacuum.com\/en\/wp-json\/wp\/v2\/users\/1"}],"replies":[{"embeddable":true,"href":"https:\/\/amc-vacuum.com\/en\/wp-json\/wp\/v2\/comments?post=3"}],"version-history":[{"count":11,"href":"https:\/\/amc-vacuum.com\/en\/wp-json\/wp\/v2\/pages\/3\/revisions"}],"predecessor-version":[{"id":4631,"href":"https:\/\/amc-vacuum.com\/en\/wp-json\/wp\/v2\/pages\/3\/revisions\/4631"}],"wp:featuredmedia":[{"embeddable":true,"href":"https:\/\/amc-vacuum.com\/en\/wp-json\/wp\/v2\/media\/4601"}],"wp:attachment":[{"href":"https:\/\/amc-vacuum.com\/en\/wp-json\/wp\/v2\/media?parent=3"}],"curies":[{"name":"wp","href":"https:\/\/api.w.org\/{rel}","templated":true}]}}